{"id":5233,"date":"2012-09-16T20:25:48","date_gmt":"2012-09-16T19:25:48","guid":{"rendered":"http:\/\/www.andrewgrantham.co.uk\/afghanistan\/?page_id=5233"},"modified":"2018-03-25T20:43:01","modified_gmt":"2018-03-25T19:43:01","slug":"steam-locomotives-at-the-national-museum-of-afghanistan","status":"publish","type":"page","link":"https:\/\/www.andrewgrantham.co.uk\/afghanistan\/steam-locomotives-at-the-national-museum-of-afghanistan\/","title":{"rendered":"Steam locomotives at the National Museum of Afghanistan"},"content":{"rendered":"<p><img decoding=\"async\" src=\"\/images\/rail\/af-kabul-museum-steam-loco-shed-end-20120901-nigel_emms.jpg\" width=\"450\" title=\"Preserved steam locomotives at the National Museum of Afghanistan, September 2012 (Photo: Nigel Emms)\" alt=\"Steam locomotives in a shed at the national Museum of Afghanistan\" \/><\/p>\n<p>Three steam locomotives are preserved in the collection of the <a href=\"http:\/\/www.nationalmuseum.af\">National Museum of Afghanistan<\/a>, situated at Darulaman on the outskirts of Kabul. <\/p>\n<h3>History<\/h3>\n<p>The three locomotives were built by Henschel &#038; Sohn GmbH of Cassel (now written Kassel) in Germany.<sup class='footnote'><a href='#fn-5233-1' id='fnref-5233-1' onclick='return fdfootnote_show(5233)'>1<\/a><\/sup> The manufacturer <a href=\"\/afghanistan\/the-third-loco-identified\/\">recorded them as being supplied<\/a> to &#8220;Ferrostaal for <a href=\"\/afghanistan\/railways\/kabul-to-darulaman-railway\/\" title=\"Kabul to Darulaman railway\">Kabul-Darulaman, Afghanistan<\/a>, British India&#8221;; Afghanistan was not, of course part of British India, although the locos would almost certainly have been delivered via India. <\/p>\n<p>All three locomotives have an 0-4-0 wheel arrangement, and are thought to be 2&nbsp;ft 6&nbsp;in gauge. They had chimneys with spark arrestors, suggesting wood burning, and a photo show one of the locomotives in service carrying wood on board.<\/p>\n<p><a href=\"\/images\/rail\/af-darulaman-shed.jpg\"><br \/>\n<img decoding=\"async\" src=\"\/images\/rail\/af-darulaman-shed-small.jpg\" width=\"150\" alt=\"Kabul locomotive shed in 1975\" title=\"Kabul locomotive shed in 1975 (Photo: Frank Selman)\" class=\"alignright\" \/><\/a><\/p>\n<p>Two of the locomotives were kept in the former engine shed at least into the 1970s. However it would appear that this shed no longer survives (unless anyone knows better). <\/p>\n<p>In Spring 1978, Continental Railway Journal issue 33 described the Darulaman locomotives as &#8220;two derelict 0-4-0Ts (Henschel 19680-1\/1923), about metre gauge, and the frame and bogies of one tramcar.&#8221;<\/p>\n<p><a href=\"\/images\/rail\/af-locos1.jpg\"><br \/>\n<img loading=\"lazy\" decoding=\"async\" src=\"\/images\/rail\/af-locos1-small.jpg\" width=\"150\" height=\"113\" title=\"Steam locomotives in Kabul museum, 2004. (Photo: Wim Brummelman)\" alt=\"Steam locomotives in the Kabul museum during 2004.\" class=\"alignleft\" \/><\/a><\/p>\n<p>The locomotives subsequently stood outside in the museum grounds, and at some point the third locomotive starts to be mentioned. In 2001 <cite>Der Spiegel<\/cite> published a 1989 photo showing the front two locos, and mentioned &#8220;Three rusted steam locos and the bogies of a coach &#8220;Made in Germany&#8221;.<sup class='footnote'><a href='#fn-5233-2' id='fnref-5233-2' onclick='return fdfootnote_show(5233)'>2<\/a><\/sup><\/p>\n<p><a href=\"\/images\/rail\/af-kabul-museum-steam-loco-shed-20120901-nigel_emms.jpg\"><img decoding=\"async\" src=\"\/images\/rail\/af-kabul-museum-steam-loco-shed-20120901-nigel_emms.jpg\" width=\"150\" class=\"alignright\" alt=\"Steam locomotives at the National Museum of Afghanistan, September 2012 (Photo: Nigel Emms)\" \/><\/a><\/p>\n<p>Fortunately a roof has been built over the three locomotives and other exhibits. They are now undercover, and one is displayed on a short section of track. <\/p>\n<p><q>These are historical artefacts and we want to keep them,<\/q> museum caretaker Omara Khan Masoudi told Reuters in 2002.<sup class='footnote'><a href='#fn-5233-3' id='fnref-5233-3' onclick='return fdfootnote_show(5233)'>3<\/a><\/sup> <q>Of course, it would be good to have a real railway now, that would be progress.<\/q><\/p>\n<h3>Henschel 19681\/1923 &#8211; the plinthed locomotive<\/h3>\n<p><img decoding=\"async\" src=\"\/images\/rail\/af-kabul-museum-steam-loco-plinth-left-20120901-nigel_emms.jpg\" width=\"450\" title=\"Steam locomotive at the National Museum of Afghanistan, September 2012 (Photo: Nigel Emms)\" alt=\"Steam locomotive at the National Museum of Afghanistan in September 2012\" \/><\/p>\n<p>This locomotive is displayed on short section of specially-built track. It looks to be in better condition than the other locomotives, with an intact cab. <\/p>\n<p><a href=\"\/images\/rail\/af-steamloco-19681-plate-chris-spidle.jpg\"><img decoding=\"async\" src=\"\/images\/rail\/af-steamloco-19681-plate-chris-spidle-small.jpg\" class=\"alignright\" alt=\"Henschel locomotive 19681\/1923 worksplate (Photo: copyright Chris Spidle)\" \/><\/a><\/p>\n<p>Recognition features for this particular locomotive are the tubular extension to the chimney, which is visible in a 1971 photo of it in the engine shed, and the second &#8216;dome&#8217; (for sand?) on top of the boiler. The tanks have railings on top, and a step at the bottom edge towards the rear. There is a vertical pipe behind the buffer beam.<\/p>\n<p>This would appear to be the locomotive shown in two photos of the railway which were published in 1930. <\/p>\n<table >\n<tr>\n<td>\n1 September 2012 (Nigel Emms)\n<\/td>\n<td>\n<a href=\"\/images\/rail\/af-kabul-museum-steam-loco-plinth-right-20120901-nigel_emms.jpg\"><br \/>\n<img decoding=\"async\" src=\"\/images\/rail\/af-kabul-museum-steam-loco-plinth-right-20120901-nigel_emms.jpg\" width=\"150\" alt=\"Steam locomotive at the National Museum of Afghanistan, September 2012 (Photo: Nigel Emms)\" \/><\/a>\n<\/td>\n<td>\n<a href=\"\/images\/rail\/af-kabul-museum-steam-loco-plinth-back-20120901-nigel_emms.jpg\"><br \/>\n<img decoding=\"async\" src=\"\/images\/rail\/af-kabul-museum-steam-loco-plinth-back-20120901-nigel_emms.jpg\" width=\"150\" alt=\"Steam locomotive at the National Museum of Afghanistan, September 2012 (Photo: Nigel Emms)\" \/><\/a>\n<\/td>\n<\/tr>\n<tr>\n<td>\n2006\n<\/td>\n<td>\n<a href=\"\/images\/rail\/af-kabullocos200607-djk2.jpg\"><img decoding=\"async\" src=\"\/images\/rail\/af-kabullocos200607-djk2.jpg\" alt=\"\" width=\"150\" alt=\"Steam locomotive at the National Museum of Afghanistan, 2006 (Photo: DJK)\" \/>\n<\/td>\n<\/tr>\n<tr>\n<td>\nApril 2006<\/p>\n<p style=\"font-size:smaller;\">German <a href=\"\/afghanistan\/german-isaf-personnel-relocate-historical-railway-engine\/\">ISAF personnel reposition the loco<\/a><\/p>\n<\/td>\n<td>\n<a href=\"\/images\/rail\/af-loco-crane-nato.jpg\"><br \/>\n<img decoding=\"async\" src=\"\/images\/rail\/af-loco-crane-nato.jpg\" title=\"A crane is used to lift one of the steam locomotives in the Afghan national museum (Photo: ISAF)\" alt=\"Crane lifts Afghan locomotive\" width=\"150\" \/><\/a>\n<\/td>\n<td>\n<a href=\"\/images\/rail\/af-loco-truck-nato.jpg\"><br \/>\n<img decoding=\"async\" src=\"\/images\/rail\/af-loco-truck-nato.jpg\" title=\"Afghan steam locomotive on the back of a lorry (Photo: ISAF)\" alt=\"Afghan locomotive on a military lorry\" width=\"150\" \/><\/a>\n<\/td>\n<\/tr>\n<tr>\n<td>\n14 October 2004<br \/>(Wim Brummelman)\n<\/td>\n<td>\n<a href=\"\/images\/rail\/af-locos3.jpg\"><br \/>\n<img loading=\"lazy\" decoding=\"async\" src=\"\/images\/rail\/af-locos3-small.jpg\" width=\"150\" height=\"113\" alt=\"Photo of steam locomotive in Afghan national museum, Kabul, 14 October 2004 (Photo: Wim Brummelman)\" \/><br \/>\n<\/a>\n<\/td>\n<td>\n<a href=\"\/images\/rail\/af-locos8.jpg\"><br \/>\n<img loading=\"lazy\" decoding=\"async\" src=\"\/images\/rail\/af-locos8-small.jpg\" width=\"150\" height=\"113\" alt=\"Photo of steam locomotive in Afghan national museum, Kabul, 14 October 2004 (Photo: Wim Brummelman)\" \/><br \/>\n<\/a>\n<\/td>\n<\/tr>\n<tr>\n<td>\n1971<br \/>(Burkhard Puetz). <\/p>\n<p style=\"font-size:smaller;\">The furthest locomotive has the chimney extension.<\/p>\n<\/td>\n<td>\n<a href=\"\/images\/rail\/af-darulaman-steamlocos-in-shed-1971-burkhard-puetz.jpg\"><img decoding=\"async\" src=\"\/images\/rail\/af-darulaman-steamlocos-in-shed-1971-burkhard-puetz.jpg\" alt=\"Two Henschel steam locomotives from the former Kabul - Darulaman railway in 1971 (Photo: Burkhard Puetz)\" title=\"Two Henschel steam locomotives from the former Kabul - Darulaman railway in 1971 (Photo: Burkhard Puetz)\" width=\"150\" \/><\/a>\n<\/td>\n<\/tr>\n<tr>\n<td>\nSciences et Voyages (France),<br \/>3 April 1930 issue. <\/p>\n<p style=\"font-size:smaller;\">Note the headlight, and a name or numberplate in front of the works plate. The bolt holes are visible on the preserved locomotives.<\/p>\n<\/td>\n<td colspan=2>\n<a href=\"\/images\/rail\/af-darulaman-train-1930-sciencesetvoyages.jpg\"><br \/>\n<img decoding=\"async\" src=\"\/images\/rail\/af-darulaman-train-1930-sciencesetvoyages-small.jpg\" title=\"Photo of Kabul to Darulaman train from French magazine Sciences et Voyages of 3 April 1930\" alt=\"Photo of Kabul to Darulaman railway train from French magazine Sciences et Voyages of 3 April 1930\" width=\"300\" \/><\/a>\n<\/td>\n<\/tr>\n<tr>\n<td>\nUHU magazine (Germany),<br \/>February 1930 issue, photo from 1926?<sup class='footnote'><a href='#fn-5233-4' id='fnref-5233-4' onclick='return fdfootnote_show(5233)'>4<\/a><\/sup>\n<\/td>\n<td colspan=2>\n<a href=\"\/images\/rail\/af-train-uhu-web.jpg\"><img decoding=\"async\" src=\"\/images\/rail\/af-train-uhu-web.jpg\" title=\"Train at Darulaman, from the German magazine UHU in February 1930\" alt=\"Magazine photograph of a train at Darulaman\" width=\"300\" \/><\/a><\/p>\n<\/td>\n<\/tr>\n<\/table>\n<h3>Henschel 19680\/1923<\/h3>\n<p><img decoding=\"async\" src=\"\/images\/rail\/af-kabul-museum-steam-loco-a-20120901-nigel_emms.jpg\" width=\"450\" alt=\"Steam locomotive at the National Museum of Afghanistan, September 2012 (Photo: Nigel Emms)\" title=\"Preserved steam locomotives at the National Museum of Afghanistan, September 2012 (Photo: Nigel Emms)\" \/><\/p>\n<p>This locomotive is similar to 19681\/1923, but can be distinguished by the boiler tubes now sticking out from the smokebox, the lack of a chimney extension and the absence of a the second protuberance on top of the boiler. The front left hand side of the cab is bent. There are railings around the tanks, which have a straight bottom edge. As with 19681 there is a vertical pipe behind the front buffer beam.<\/p>\n<table>\n<tr>\n<td>\n1 September 2012<br \/> (Nigel Emms)\n<\/td>\n<td>\n<a href=\"\/images\/rail\/af-kabul-museum-steam-loco-a-front-20120901-nigel_emms.jpg\"><br \/>\n<img decoding=\"async\" src=\"\/images\/rail\/af-kabul-museum-steam-loco-a-front-20120901-nigel_emms.jpg\" width=\"150\" alt=\"Steam locomotive at the National Museum of Afghanistan, September 2012 (Photo: Nigel Emms)\" \/>\n<\/td>\n<td>\n<a href=\"\/images\/rail\/af-kabul-museum-steam-loco-a-rear-20120901-nigel_emms.jpg\"><br \/>\n<img decoding=\"async\" src=\"\/images\/rail\/af-kabul-museum-steam-loco-a-rear-20120901-nigel_emms.jpg\" width=\"150\" alt=\"Steam locomotive at the National Museum of Afghanistan, September 2012 (Photo: Nigel Emms)\" \/>\n<\/td>\n<\/tr>\n<tr>\n<td>\n14 October 2004<br \/>(Wim Brummelman)\n<\/td>\n<td>\n<a href=\"\/images\/rail\/af-locos4.jpg\"><img loading=\"lazy\" decoding=\"async\" src=\"\/images\/rail\/af-locos4-small.jpg\" width=\"150\" height=\"113\" alt=\"Photo of steam locomotive in Afghan national museum, Kabul, 14 October 2004 (Photo: Wim Brummelman)\" \/><br \/>\n<\/a>\n<\/td>\n<td>\n<a href=\"\/images\/rail\/af-locos5.jpg\"><img loading=\"lazy\" decoding=\"async\" src=\"\/images\/rail\/af-locos5-small.jpg\" width=\"150\" height=\"113\" alt=\"Photo of steam locomotive in Afghan national museum, Kabul, 14 October 2004 (Photo: Wim Brummelman)\" \/><br \/>\n<\/a>\n<\/td>\n<\/tr>\n<tr>\n<td>\n1975<br \/>(Frank Selman)\n<\/td>\n<td>\n<a href=\"\/images\/rail\/af-darulaman-loco-back.jpg\"><br \/>\n<img decoding=\"async\" src=\"\/images\/rail\/af-darulaman-loco-back-small.jpg\" width=\"150\" alt=\"[Photo of loco from rear. Frank Selman, 1975]\" \/><\/a>\n<\/td>\n<td>\n<a href=\"\/images\/rail\/af-darulaman-loco.jpg\"><br \/>\n<img decoding=\"async\" src=\"\/images\/rail\/af-darulaman-loco-small.jpg\" width=\"150\" alt=\"[Photo of locomotive in the shed. Frank Selman, 1975]\" \/><\/a>\n<\/td>\n<\/tr>\n<tr>\n<td>\n1971<br \/>(Burkhard Puetz).\n<\/td>\n<td>\n<a href=\"\/images\/rail\/af-darulaman-steamlocos-in-shed-1971-burkhard-puetz.jpg\"><img decoding=\"async\" src=\"\/images\/rail\/af-darulaman-steamlocos-in-shed-1971-burkhard-puetz.jpg\" alt=\"Two Henschel steam locomotives from the former Kabul - Darulaman railway in 1971 (Photo: Burkhard Puetz)\" title=\"Two Henschel steam locomotives from the former Kabul - Darulaman railway in 1971 (Photo: Burkhard Puetz)\" width=\"150\" \/><\/a>\n<\/td>\n<\/tr>\n<\/table>\n<h3>Henschel 19691\/1923<\/h3>\n<p><a href=\"\/images\/rail\/af-kabul-museum-steam-loco-b-20120901-nigel_emms.jpg\"><br \/>\n<img decoding=\"async\" src=\"\/images\/rail\/af-kabul-museum-steam-loco-b-20120901-nigel_emms.jpg\" width=\"450\" alt=\"Steam locomotive at the National Museum of Afghanistan, September 2012 (Photo: Nigel Emms)\" \/><\/a><\/p>\n<p>This locomotive looks a bit smaller than the other two. It is missing more of its valve gear and other components than the others. The cab is bent backwards. There is a pipe from the dome down to the cylinders. The tanks have a stepped lower edge towards the front. <\/p>\n<p>When stood outside, this loco was the rearmost of the three, and was leaning over towards its left-hand side. A correspondent called Ramon e-mailed to confirm it was no.19691.  <\/p>\n<p>One visitor to the museum suggested this loco may be a different gauge to the others, raising the possibility that another railway existed. If anyone is visiting the museum and has a tape measure, it would be interesting to know for sure.<\/p>\n<table>\n<tr>\n<td>\n14 October 2004<br \/> (Wim Brummelman)\n<\/td>\n<td>\n<a href=\"\/images\/rail\/af-locos6.jpg\"><br \/>\n<img loading=\"lazy\" decoding=\"async\" src=\"\/images\/rail\/af-locos6-small.jpg\" width=\"150\" height=\"113\" alt=Photo of steam locomotive in Afghan national museum, Kabul, 14 October 2004 (Photo: Wim Brummelman)\" title=\"Henschel 19691 of 1923\" \/><\/a>\n<\/td>\n<\/tr>\n<\/table>\n<h3>The coaches<\/h3>\n<p>The metal underframes remain from two coaches, at least one of which still had much of its woodwork in 1971.<\/p>\n<table>\n<tr>\n<td>\n2012<br \/> (Nigel Emms)\n<\/td>\n<td>\n<a href=\"\/images\/rail\/af-kabul-museum-steam-loco-b-coach-underframe-20120901-nigel_emms.jpg\"><br \/>\n<img decoding=\"async\" src=\"\/images\/rail\/af-kabul-museum-steam-loco-b-coach-underframe-20120901-nigel_emms.jpg\" width=\"150\" alt=\"Remains of railway coach at the National Museum of Afghanistan, September 2012 (Photo: Nigel Emms)\" \/><\/a>\n<\/td>\n<\/tr>\n<tr>\n<td>1971<br \/>(Burkhard Puetz)<\/td>\n<td>\n<a href=\"\/images\/rail\/af-darulaman-carriage-1971-burkhard-puetz.jpg\"><br \/>\n<img decoding=\"async\" src=\"\/images\/rail\/af-darulaman-carriage-1971-burkhard-puetz.jpg\" alt=\"Remains of railway coach at Darulaman in 1971 (Photo: Burkhard Puetz)\" title=\"Remains of railway coach at Darulaman in 1971 (Photo: Burkhard Puetz)\" width=\"150\"  \/><\/a>\n<\/td>\n<td>\n<a href=\"\/images\/rail\/af-darulaman-carriages-1971-burkhard-puetz.jpg\"><br \/>\n<img decoding=\"async\" src=\"\/images\/rail\/af-darulaman-carriages-1971-burkhard-puetz.jpg\" alt=\"Remains of railway coach at Darulaman, near Kabul, 1971 (Photo: Burkhard Puetz)\" title=\"Remains of railway coach at Darulaman, near Kabul, 1971 (Photo: Burkhard Puetz)\" width=\"150\" \/><\/a>\n<\/td>\n<td>\n<\/tr>\n<tr>\n<td>\n1938<br \/>Life\n<\/td>\n<td>\n<a href=\"http:\/\/images.google.com\/hosted\/life\/l?imgurl=513bd2075bba0692&#038;q=afghan%20%20%20source:life&#038;prev=\/images%3Fq%3Dafghan%2B%2B%2Bsource:life%26start%3D36%26hl%3Den%26sa%3DN%26ndsp%3D18%26tbs%3Disch:1\"><img decoding=\"async\" src=\"\/images\/rail\/af-kabul-coach-1938-life.jpg\" title=\"Deserted Afghan railway car after failure to begin rail system, Photo copyright Life\" width=\"150\" alt=\"Abandoned railway coach in Kabul\" \/><\/a>\n<\/td>\n<\/tr>\n<tr>\n<td>\n192x<br \/>(Wilhelm Rieck)\n<\/td>\n<td colspan=22\">\n<a href=\"\/images\/rail\/af-first-train.jpg\"><br \/>\n<img decoding=\"async\" src=\"\/images\/rail\/af-first-train-small.jpg\" width=\"300\" alt=\"Photo of the first train on the Kabul to Darulaman line\" title=\"First train on the Kabul to Darulaman railway\" \/><\/a><\/p>\n<\/td>\n<\/tr>\n<\/table>\n<h3>Links<\/h3>\n<ul>\n<li><a href=\"http:\/\/www.nationalmuseum.af\">National Museum of Afghanistan<\/a><\/li>\n<li><a href=\"http:\/\/www.henschel-museum.com\/en\/index.htm\">Henschel-Museum + Sammlung eV<\/a><\/li>\n<li><a href=\"http:\/\/www.ilsa.org.in\">Industrial locomotives of South Asia<\/a>\n<\/ul>\n<h3>References<\/h3>\n<div class='footnotes' id='footnotes-5233'>\n<div class='footnotedivider'><\/div>\n<ol>\n<li id='fn-5233-1'> The Henschel factory site is now owned by Bombardier Transportation, which builds Traxx locomotives there. <span class='footnotereverse'><a href='#fnref-5233-1'>&#8617;<\/a><\/span><\/li>\n<li id='fn-5233-2'> <q>Noch nach \u00fcber 20 Jahren B\u00fcrgerkriegswirren und der Zerst\u00f6rung Kabuls standen dort auf einem von Disteln und Dornenb\u00fcschen \u00fcberwucherten Anger drei verrostete Dampfloks und das Fahrgestell eines Reisewaggons \u201eMade in Germany\u201c.<\/q>  <a href=\"http:\/\/wissen.spiegel.de\/wissen\/image\/show.html?did=20354501&#038;aref=image026\/E0141\/SCSP200104201960200.pdf&#038;thumb=false\">Potentaten als Bittsteller (PDF)<\/a> , Der Spiegel, 42\/2001, p198. Photo Olaf Ihlau\/Der Spiegel, 1989 <span class='footnotereverse'><a href='#fnref-5233-2'>&#8617;<\/a><\/span><\/li>\n<li id='fn-5233-3'> <a href=\"http:\/\/edition.cnn.com\/2002\/WORLD\/asiapcf\/east\/01\/21\/afghan.rail\/index.html\">Afghan rail plan among proposals for donors<\/a>, CNN News report, from Reuters, 21 January 2002 <span class='footnotereverse'><a href='#fnref-5233-3'>&#8617;<\/a><\/span><\/li>\n<li id='fn-5233-4'> <a href=\"http:\/\/contentdm.williams.edu\/u?\/wamp,3367\"> Narrow gauge railroad<\/a>, Williams Afghan Media Project <span class='footnotereverse'><a href='#fnref-5233-4'>&#8617;<\/a><\/span><\/li>\n<\/ol>\n<\/div>\n","protected":false},"excerpt":{"rendered":"<p>Three steam locomotives are preserved in the collection of the National Museum of Afghanistan, situated at Darulaman on the outskirts of Kabul. History The three locomotives were built by Henschel &#038; Sohn GmbH of Cassel (now written Kassel) in Germany.1 The manufacturer recorded them as being supplied to &#8220;Ferrostaal for Kabul-Darulaman, Afghanistan, British India&#8221;; Afghanistan [&hellip;]<\/p>\n","protected":false},"author":2,"featured_media":0,"parent":0,"menu_order":0,"comment_status":"open","ping_status":"open","template":"","meta":{"footnotes":""},"class_list":["post-5233","page","type-page","status-publish","hentry"],"_links":{"self":[{"href":"https:\/\/www.andrewgrantham.co.uk\/afghanistan\/wp-json\/wp\/v2\/pages\/5233","targetHints":{"allow":["GET"]}}],"collection":[{"href":"https:\/\/www.andrewgrantham.co.uk\/afghanistan\/wp-json\/wp\/v2\/pages"}],"about":[{"href":"https:\/\/www.andrewgrantham.co.uk\/afghanistan\/wp-json\/wp\/v2\/types\/page"}],"author":[{"embeddable":true,"href":"https:\/\/www.andrewgrantham.co.uk\/afghanistan\/wp-json\/wp\/v2\/users\/2"}],"replies":[{"embeddable":true,"href":"https:\/\/www.andrewgrantham.co.uk\/afghanistan\/wp-json\/wp\/v2\/comments?post=5233"}],"version-history":[{"count":9,"href":"https:\/\/www.andrewgrantham.co.uk\/afghanistan\/wp-json\/wp\/v2\/pages\/5233\/revisions"}],"predecessor-version":[{"id":7121,"href":"https:\/\/www.andrewgrantham.co.uk\/afghanistan\/wp-json\/wp\/v2\/pages\/5233\/revisions\/7121"}],"wp:attachment":[{"href":"https:\/\/www.andrewgrantham.co.uk\/afghanistan\/wp-json\/wp\/v2\/media?parent=5233"}],"curies":[{"name":"wp","href":"https:\/\/api.w.org\/{rel}","templated":true}]}}